{"id":23886,"date":"2025-05-07T17:20:19","date_gmt":"2025-05-07T17:20:19","guid":{"rendered":"https:\/\/cosmoapart.com\/?page_id=23886"},"modified":"2025-07-09T19:20:42","modified_gmt":"2025-07-09T17:20:42","slug":"live-camera-page","status":"publish","type":"page","link":"https:\/\/cosmoapart.com\/fr\/live-camera-page\/","title":{"rendered":"Cosmopolita Playa d'Aro - Live Cam"},"content":{"rendered":"<div data-elementor-type=\"wp-page\" data-elementor-id=\"23886\" class=\"elementor elementor-23886\" data-elementor-post-type=\"page\">\n\t\t\t\t<div class=\"elementor-element elementor-element-f2df601 e-grid e-con-boxed e-con e-parent\" data-id=\"f2df601\" data-element_type=\"container\" data-e-type=\"container\">\n\t\t\t\t\t<div class=\"e-con-inner\">\n\t\t<div class=\"elementor-element elementor-element-1426e89 e-con-full e-flex e-con e-child\" data-id=\"1426e89\" data-element_type=\"container\" data-e-type=\"container\">\n\t\t\t\t<div class=\"elementor-element elementor-element-f1229bc elementor-widget elementor-widget-heading\" data-id=\"f1229bc\" data-element_type=\"widget\" data-e-type=\"widget\" data-widget_type=\"heading.default\">\n\t\t\t\t<div class=\"elementor-widget-container\">\n\t\t\t\t\t<h2 class=\"elementor-heading-title elementor-size-default\">Cosmopolita Playa d'Aro Live Camera<\/h2>\t\t\t\t<\/div>\n\t\t\t\t<\/div>\n\t\t<div class=\"elementor-element elementor-element-718c34e e-con-full e-flex e-con e-child\" data-id=\"718c34e\" data-element_type=\"container\" data-e-type=\"container\">\n\t\t\t\t<div class=\"elementor-element elementor-element-7d317bc elementor-widget__width-inherit elementor-widget elementor-widget-shortcode\" data-id=\"7d317bc\" data-element_type=\"widget\" data-e-type=\"widget\" data-widget_type=\"shortcode.default\">\n\t\t\t\t<div class=\"elementor-widget-container\">\n\t\t\t\t\t\t\t<div class=\"elementor-shortcode\"><p><strong>\u041e\u0448\u0438\u0431\u043a\u0430 :<\/strong> FFmpeg \u043d\u0435 \u043d\u0430\u0439\u0434\u0435\u043d.<\/p><\/div>\n\t\t\t\t\t\t<\/div>\n\t\t\t\t<\/div>\n\t\t\t\t<\/div>\n\t\t\t\t<\/div>\n\t\t\t\t\t<\/div>\n\t\t\t\t<\/div>\n\t\t<div class=\"elementor-element elementor-element-b786744 elementor-hidden-desktop elementor-hidden-tablet elementor-hidden-mobile e-flex e-con-boxed e-con e-parent\" data-id=\"b786744\" data-element_type=\"container\" data-e-type=\"container\">\n\t\t\t\t\t<div class=\"e-con-inner\">\n\t\t\t\t<div class=\"elementor-element elementor-element-3b52ef4 elementor-widget__width-inherit elementor-widget elementor-widget-shortcode\" data-id=\"3b52ef4\" data-element_type=\"widget\" data-e-type=\"widget\" data-widget_type=\"shortcode.default\">\n\t\t\t\t<div class=\"elementor-widget-container\">\n\t\t\t\t\t\t\t<div class=\"elementor-shortcode\"><p><strong>\u041e\u0448\u0438\u0431\u043a\u0430 :<\/strong> FFmpeg \u043d\u0435 \u043d\u0430\u0439\u0434\u0435\u043d.<\/p><\/div>\n\t\t\t\t\t\t<\/div>\n\t\t\t\t<\/div>\n\t\t\t\t\t<\/div>\n\t\t\t\t<\/div>\n\t\t\t\t<\/div>","protected":false},"excerpt":{"rendered":"<p>Cosmopolita Playa d'Aro Live Camera<\/p>","protected":false},"author":3,"featured_media":0,"parent":0,"menu_order":0,"comment_status":"closed","ping_status":"closed","template":"","meta":{"site-sidebar-layout":"no-sidebar","site-content-layout":"page-builder","ast-site-content-layout":"full-width-container","site-content-style":"default","site-sidebar-style":"default","ast-global-header-display":"","ast-banner-title-visibility":"","ast-main-header-display":"","ast-hfb-above-header-display":"","ast-hfb-below-header-display":"","ast-hfb-mobile-header-display":"","site-post-title":"disabled","ast-breadcrumbs-content":"","ast-featured-img":"disabled","footer-sml-layout":"","ast-disable-related-posts":"","theme-transparent-header-meta":"","adv-header-id-meta":"","stick-header-meta":"","header-above-stick-meta":"","header-main-stick-meta":"","header-below-stick-meta":"","astra-migrate-meta-layouts":"set","ast-page-background-enabled":"default","ast-page-background-meta":{"desktop":{"background-color":"var(--ast-global-color-4)","background-image":"","background-repeat":"repeat","background-position":"center center","background-size":"auto","background-attachment":"scroll","background-type":"","background-media":"","overlay-type":"","overlay-color":"","overlay-opacity":"","overlay-gradient":""},"tablet":{"background-color":"","background-image":"","background-repeat":"repeat","background-position":"center center","background-size":"auto","background-attachment":"scroll","background-type":"","background-media":"","overlay-type":"","overlay-color":"","overlay-opacity":"","overlay-gradient":""},"mobile":{"background-color":"","background-image":"","background-repeat":"repeat","background-position":"center center","background-size":"auto","background-attachment":"scroll","background-type":"","background-media":"","overlay-type":"","overlay-color":"","overlay-opacity":"","overlay-gradient":""}},"ast-content-background-meta":{"desktop":{"background-color":"var(--ast-global-color-5)","background-image":"","background-repeat":"repeat","background-position":"center center","background-size":"auto","background-attachment":"scroll","background-type":"","background-media":"","overlay-type":"","overlay-color":"","overlay-opacity":"","overlay-gradient":""},"tablet":{"background-color":"var(--ast-global-color-5)","background-image":"","background-repeat":"repeat","background-position":"center center","background-size":"auto","background-attachment":"scroll","background-type":"","background-media":"","overlay-type":"","overlay-color":"","overlay-opacity":"","overlay-gradient":""},"mobile":{"background-color":"var(--ast-global-color-5)","background-image":"","background-repeat":"repeat","background-position":"center center","background-size":"auto","background-attachment":"scroll","background-type":"","background-media":"","overlay-type":"","overlay-color":"","overlay-opacity":"","overlay-gradient":""}},"footnotes":""},"class_list":["post-23886","page","type-page","status-publish","hentry"],"yoast_head":"<!-- This site is optimized with the Yoast SEO Premium plugin v27.4 (Yoast SEO v27.4) - https:\/\/yoast.com\/product\/yoast-seo-premium-wordpress\/ -->\n<title>Cosmopolita Playa d&#039;Aro - Live Cam | Cosmopolita Group | Luxury Apartments &amp; Boutique Hotel in Barcelona\u00a0and\u00a0Costa\u00a0Brava<\/title>\n<meta name=\"description\" content=\"Cosmopolita Group | Luxury Apartments &amp; Boutique Hotel in Barcelona\u00a0and\u00a0Costa\u00a0Brava Cosmopolita Playa d&#039;Aro Live Camera\" \/>\n<meta name=\"robots\" content=\"index, follow, max-snippet:-1, max-image-preview:large, max-video-preview:-1\" \/>\n<link rel=\"canonical\" href=\"https:\/\/cosmoapart.com\/fr\/wp-json\/wp\/v2\/pages\/23886\/\" \/>\n<meta property=\"og:locale\" content=\"fr_FR\" \/>\n<meta property=\"og:type\" content=\"article\" \/>\n<meta property=\"og:title\" content=\"Cosmopolita Playa d&#039;Aro - Live Cam\" \/>\n<meta property=\"og:description\" content=\"Cosmopolita Group | Luxury Apartments &amp; Boutique Hotel in Barcelona\u00a0and\u00a0Costa\u00a0Brava Cosmopolita Playa d&#039;Aro Live Camera\" \/>\n<meta property=\"og:url\" content=\"https:\/\/cosmoapart.com\/fr\/live-camera-page\/\" \/>\n<meta property=\"og:site_name\" content=\"Cosmopolita Group | Luxury Apartments &amp; Boutique Hotel in Barcelona\u00a0and\u00a0Costa\u00a0Brava\" \/>\n<meta property=\"article:publisher\" content=\"https:\/\/www.facebook.com\/share\/1Eo3VWZL1L\/?mibextid=wwXIfr\" \/>\n<meta property=\"article:modified_time\" content=\"2025-07-09T17:20:42+00:00\" \/>\n<meta name=\"twitter:card\" content=\"summary_large_image\" \/>\n<meta name=\"twitter:label1\" content=\"Dur\u00e9e de lecture estim\u00e9e\" \/>\n\t<meta name=\"twitter:data1\" content=\"1 minute\" \/>\n<script type=\"application\/ld+json\" class=\"yoast-schema-graph\">{\"@context\":\"https:\\\/\\\/schema.org\",\"@graph\":[{\"@type\":\"WebPage\",\"@id\":\"https:\\\/\\\/cosmoapart.com\\\/fr\\\/live-camera-page\\\/\",\"url\":\"https:\\\/\\\/cosmoapart.com\\\/fr\\\/live-camera-page\\\/\",\"name\":\"Cosmopolita Playa d'Aro - Live Cam | Cosmopolita Group | Luxury Apartments &amp; Boutique Hotel in Barcelona\u00a0and\u00a0Costa\u00a0Brava\",\"isPartOf\":{\"@id\":\"https:\\\/\\\/cosmoapart.com\\\/#website\"},\"datePublished\":\"2025-05-07T17:20:19+00:00\",\"dateModified\":\"2025-07-09T17:20:42+00:00\",\"description\":\"Cosmopolita Group | Luxury Apartments &amp; Boutique Hotel in Barcelona\u00a0and\u00a0Costa\u00a0Brava Cosmopolita Playa d'Aro Live Camera\",\"breadcrumb\":{\"@id\":\"https:\\\/\\\/cosmoapart.com\\\/fr\\\/live-camera-page\\\/#breadcrumb\"},\"inLanguage\":\"fr-FR\",\"potentialAction\":[{\"@type\":\"ReadAction\",\"target\":[\"https:\\\/\\\/cosmoapart.com\\\/fr\\\/live-camera-page\\\/\"]}]},{\"@type\":\"BreadcrumbList\",\"@id\":\"https:\\\/\\\/cosmoapart.com\\\/fr\\\/live-camera-page\\\/#breadcrumb\",\"itemListElement\":[{\"@type\":\"ListItem\",\"position\":1,\"name\":\"Home\",\"item\":\"https:\\\/\\\/cosmoapart.com\\\/\"},{\"@type\":\"ListItem\",\"position\":2,\"name\":\"Cosmopolita Playa d&#8217;Aro &#8211; Live Cam\"}]},{\"@type\":\"WebSite\",\"@id\":\"https:\\\/\\\/cosmoapart.com\\\/#website\",\"url\":\"https:\\\/\\\/cosmoapart.com\\\/\",\"name\":\"Cosmopolita Group | Luxury Apartments in Barcelona and on Costa Brava\",\"description\":\"Cosmopolita Group presents luxury apartments and a boutique hotel in prime locations of Barcelona and Costa Brava. Enjoy premium comfort, sophisticated design, stunning sea views, and exclusive services, along with special offers and direct booking discounts.\",\"publisher\":{\"@id\":\"https:\\\/\\\/cosmoapart.com\\\/#organization\"},\"alternateName\":\"Cosmopolita Apartments\",\"potentialAction\":[{\"@type\":\"SearchAction\",\"target\":{\"@type\":\"EntryPoint\",\"urlTemplate\":\"https:\\\/\\\/cosmoapart.com\\\/?s={search_term_string}\"},\"query-input\":{\"@type\":\"PropertyValueSpecification\",\"valueRequired\":true,\"valueName\":\"search_term_string\"}}],\"inLanguage\":\"fr-FR\"},{\"@type\":\"Organization\",\"@id\":\"https:\\\/\\\/cosmoapart.com\\\/#organization\",\"name\":\"APARTMENTS COSMOPOLITA, S.L.\",\"alternateName\":\"Cosmopolita Group\",\"url\":\"https:\\\/\\\/cosmoapart.com\\\/\",\"logo\":{\"@type\":\"ImageObject\",\"inLanguage\":\"fr-FR\",\"@id\":\"https:\\\/\\\/cosmoapart.com\\\/#\\\/schema\\\/logo\\\/image\\\/\",\"url\":\"https:\\\/\\\/cosmoapart.com\\\/wp-content\\\/uploads\\\/2025\\\/01\\\/cropped-LogoCosmo-Black-removebg-preview.webp\",\"contentUrl\":\"https:\\\/\\\/cosmoapart.com\\\/wp-content\\\/uploads\\\/2025\\\/01\\\/cropped-LogoCosmo-Black-removebg-preview.webp\",\"width\":500,\"height\":500,\"caption\":\"APARTMENTS COSMOPOLITA, S.L.\"},\"image\":{\"@id\":\"https:\\\/\\\/cosmoapart.com\\\/#\\\/schema\\\/logo\\\/image\\\/\"},\"sameAs\":[\"https:\\\/\\\/www.facebook.com\\\/share\\\/1Eo3VWZL1L\\\/?mibextid=wwXIfr\",\"https:\\\/\\\/www.instagram.com\\\/cosmo.apartments.elite\\\/\"],\"description\":\"Luxury apartments for rent in Spain, in Barcelona and Cost Brava.\",\"email\":\"info@cosmopolitagroup.com\",\"telephone\":\"+34 933 393 786\",\"legalName\":\"APARTMENTS COSMOPOLITA, S.L.\",\"foundingDate\":\"2016-01-01\"}]}<\/script>\n<!-- \/ Yoast SEO Premium plugin. -->","yoast_head_json":{"title":"Cosmopolita Playa d'Aro - Live Cam | Cosmopolita Group | Luxury Apartments &amp; Boutique Hotel in Barcelona and Costa Brava","description":"Cosmopolita Group | Appartements de luxe et h\u00f4tels-boutiques \u00e0 Barcelone et sur la Costa Brava Cosmopolita Playa d'Aro Live Camera","robots":{"index":"index","follow":"follow","max-snippet":"max-snippet:-1","max-image-preview":"max-image-preview:large","max-video-preview":"max-video-preview:-1"},"canonical":"https:\/\/cosmoapart.com\/fr\/wp-json\/wp\/v2\/pages\/23886\/","og_locale":"fr_FR","og_type":"article","og_title":"Cosmopolita Playa d'Aro - Live Cam","og_description":"Cosmopolita Group | Luxury Apartments &amp; Boutique Hotel in Barcelona\u00a0and\u00a0Costa\u00a0Brava Cosmopolita Playa d'Aro Live Camera","og_url":"https:\/\/cosmoapart.com\/fr\/live-camera-page\/","og_site_name":"Cosmopolita Group | Luxury Apartments &amp; Boutique Hotel in Barcelona\u00a0and\u00a0Costa\u00a0Brava","article_publisher":"https:\/\/www.facebook.com\/share\/1Eo3VWZL1L\/?mibextid=wwXIfr","article_modified_time":"2025-07-09T17:20:42+00:00","twitter_card":"summary_large_image","twitter_misc":{"Dur\u00e9e de lecture estim\u00e9e":"1 minute"},"schema":{"@context":"https:\/\/schema.org","@graph":[{"@type":"WebPage","@id":"https:\/\/cosmoapart.com\/fr\/live-camera-page\/","url":"https:\/\/cosmoapart.com\/fr\/live-camera-page\/","name":"Cosmopolita Playa d'Aro - Live Cam | Cosmopolita Group | Luxury Apartments &amp; Boutique Hotel in Barcelona and Costa Brava","isPartOf":{"@id":"https:\/\/cosmoapart.com\/#website"},"datePublished":"2025-05-07T17:20:19+00:00","dateModified":"2025-07-09T17:20:42+00:00","description":"Cosmopolita Group | Appartements de luxe et h\u00f4tels-boutiques \u00e0 Barcelone et sur la Costa Brava Cosmopolita Playa d'Aro Live Camera","breadcrumb":{"@id":"https:\/\/cosmoapart.com\/fr\/live-camera-page\/#breadcrumb"},"inLanguage":"fr-FR","potentialAction":[{"@type":"ReadAction","target":["https:\/\/cosmoapart.com\/fr\/live-camera-page\/"]}]},{"@type":"BreadcrumbList","@id":"https:\/\/cosmoapart.com\/fr\/live-camera-page\/#breadcrumb","itemListElement":[{"@type":"ListItem","position":1,"name":"Home","item":"https:\/\/cosmoapart.com\/"},{"@type":"ListItem","position":2,"name":"Cosmopolita Playa d&#8217;Aro &#8211; Live Cam"}]},{"@type":"WebSite","@id":"https:\/\/cosmoapart.com\/#website","url":"https:\/\/cosmoapart.com\/","name":"Groupe Cosmopolita - Appartements de luxe \u00e0 Barcelone et sur la Costa Brava","description":"Le groupe Cosmopolita propose des appartements de luxe et un h\u00f4tel de charme dans les meilleurs endroits de Barcelone et de la Costa Brava. Profitez d'un confort haut de gamme, d'un design sophistiqu\u00e9, d'une vue imprenable sur la mer et de services exclusifs, ainsi que d'offres sp\u00e9ciales et de r\u00e9ductions sur les r\u00e9servations directes.","publisher":{"@id":"https:\/\/cosmoapart.com\/#organization"},"alternateName":"Cosmopolita Apartments","potentialAction":[{"@type":"SearchAction","target":{"@type":"EntryPoint","urlTemplate":"https:\/\/cosmoapart.com\/?s={search_term_string}"},"query-input":{"@type":"PropertyValueSpecification","valueRequired":true,"valueName":"search_term_string"}}],"inLanguage":"fr-FR"},{"@type":"Organization","@id":"https:\/\/cosmoapart.com\/#organization","name":"APPARTEMENTS COSMOPOLITA, S.L.","alternateName":"Cosmopolita Group","url":"https:\/\/cosmoapart.com\/","logo":{"@type":"ImageObject","inLanguage":"fr-FR","@id":"https:\/\/cosmoapart.com\/#\/schema\/logo\/image\/","url":"https:\/\/cosmoapart.com\/wp-content\/uploads\/2025\/01\/cropped-LogoCosmo-Black-removebg-preview.webp","contentUrl":"https:\/\/cosmoapart.com\/wp-content\/uploads\/2025\/01\/cropped-LogoCosmo-Black-removebg-preview.webp","width":500,"height":500,"caption":"APARTMENTS COSMOPOLITA, S.L."},"image":{"@id":"https:\/\/cosmoapart.com\/#\/schema\/logo\/image\/"},"sameAs":["https:\/\/www.facebook.com\/share\/1Eo3VWZL1L\/?mibextid=wwXIfr","https:\/\/www.instagram.com\/cosmo.apartments.elite\/"],"description":"Location d'appartements de luxe en Espagne, \u00e0 Barcelone et \u00e0 Cost Brava.","email":"info@cosmopolitagroup.com","telephone":"+34 933 393 786","legalName":"APARTMENTS COSMOPOLITA, S.L.","foundingDate":"2016-01-01"}]}},"_links":{"self":[{"href":"https:\/\/cosmoapart.com\/fr\/wp-json\/wp\/v2\/pages\/23886","targetHints":{"allow":["GET"]}}],"collection":[{"href":"https:\/\/cosmoapart.com\/fr\/wp-json\/wp\/v2\/pages"}],"about":[{"href":"https:\/\/cosmoapart.com\/fr\/wp-json\/wp\/v2\/types\/page"}],"author":[{"embeddable":true,"href":"https:\/\/cosmoapart.com\/fr\/wp-json\/wp\/v2\/users\/3"}],"replies":[{"embeddable":true,"href":"https:\/\/cosmoapart.com\/fr\/wp-json\/wp\/v2\/comments?post=23886"}],"version-history":[{"count":0,"href":"https:\/\/cosmoapart.com\/fr\/wp-json\/wp\/v2\/pages\/23886\/revisions"}],"wp:attachment":[{"href":"https:\/\/cosmoapart.com\/fr\/wp-json\/wp\/v2\/media?parent=23886"}],"curies":[{"name":"wp","href":"https:\/\/api.w.org\/{rel}","templated":true}]}}