{"id":32973,"date":"2026-04-09T16:50:12","date_gmt":"2026-04-09T14:50:12","guid":{"rendered":"https:\/\/cosmoapart.com\/?page_id=32973"},"modified":"2026-04-09T19:40:38","modified_gmt":"2026-04-09T17:40:38","slug":"thank-for-choosing-cosmopolita-apartments","status":"publish","type":"page","link":"https:\/\/cosmoapart.com\/de\/thank-for-choosing-cosmopolita-apartments\/","title":{"rendered":"Danke, dass Sie sich f\u00fcr Cosmopolita Apartments entschieden haben"},"content":{"rendered":"<div data-elementor-type=\"wp-page\" data-elementor-id=\"32973\" class=\"elementor elementor-32973\" data-elementor-post-type=\"page\">\n\t\t\t\t\t\t<section class=\"elementor-section elementor-top-section elementor-element elementor-element-1c97a93 elementor-section-content-middle elementor-section-boxed elementor-section-height-default elementor-section-height-default\" data-id=\"1c97a93\" data-element_type=\"section\" data-e-type=\"section\" data-settings=\"{&quot;background_background&quot;:&quot;classic&quot;}\">\n\t\t\t\t\t\t<div class=\"elementor-container elementor-column-gap-no\">\n\t\t\t\t\t<div class=\"elementor-column elementor-col-100 elementor-top-column elementor-element elementor-element-82abfca\" data-id=\"82abfca\" data-element_type=\"column\" data-e-type=\"column\">\n\t\t\t<div class=\"elementor-widget-wrap elementor-element-populated\">\n\t\t\t\t\t\t<div class=\"elementor-element elementor-element-f811540 elementor-widget elementor-widget-image\" data-id=\"f811540\" data-element_type=\"widget\" data-e-type=\"widget\" data-widget_type=\"image.default\">\n\t\t\t\t<div class=\"elementor-widget-container\">\n\t\t\t\t\t\t\t\t\t\t\t\t\t\t\t<img loading=\"lazy\" decoding=\"async\" width=\"500\" height=\"500\" src=\"https:\/\/cosmoapart.com\/wp-content\/uploads\/2025\/01\/cropped-LogoCosmo-Black-removebg-preview-110x110.webp\" class=\"attachment-large size-large wp-image-8735\" alt=\"\" srcset=\"https:\/\/cosmoapart.com\/wp-content\/uploads\/2025\/01\/cropped-LogoCosmo-Black-removebg-preview.webp 500w, https:\/\/cosmoapart.com\/wp-content\/uploads\/2025\/01\/cropped-LogoCosmo-Black-removebg-preview-300x300.webp 300w, https:\/\/cosmoapart.com\/wp-content\/uploads\/2025\/01\/cropped-LogoCosmo-Black-removebg-preview-150x150.webp 150w, https:\/\/cosmoapart.com\/wp-content\/uploads\/2025\/01\/cropped-LogoCosmo-Black-removebg-preview-12x12.webp 12w, https:\/\/cosmoapart.com\/wp-content\/uploads\/2025\/01\/cropped-LogoCosmo-Black-removebg-preview-110x110.webp 110w\" sizes=\"auto, (max-width: 500px) 100vw, 500px\" \/>\t\t\t\t\t\t\t\t\t\t\t\t\t\t\t<\/div>\n\t\t\t\t<\/div>\n\t\t\t\t<div class=\"elementor-element elementor-element-0a80c8b elementor-widget__width-inherit elementor-widget elementor-widget-heading\" data-id=\"0a80c8b\" data-element_type=\"widget\" data-e-type=\"widget\" data-widget_type=\"heading.default\">\n\t\t\t\t<div class=\"elementor-widget-container\">\n\t\t\t\t\t<h2 class=\"elementor-heading-title elementor-size-default\">Lieber Gast,<\/h2>\t\t\t\t<\/div>\n\t\t\t\t<\/div>\n\t\t\t\t<div class=\"elementor-element elementor-element-b8516d5 elementor-widget elementor-widget-heading\" data-id=\"b8516d5\" data-element_type=\"widget\" data-e-type=\"widget\" data-widget_type=\"heading.default\">\n\t\t\t\t<div class=\"elementor-widget-container\">\n\t\t\t\t\t<h2 class=\"elementor-heading-title elementor-size-default\">Vielen Dank, dass Sie sich f\u00fcr Cosmopolita Apartments entschieden haben.<\/br>Wir freuen uns, Ihren Web-Check-in best\u00e4tigen zu k\u00f6nnen und Sie bald bei uns begr\u00fc\u00dfen zu d\u00fcrfen.<\/h2>\t\t\t\t<\/div>\n\t\t\t\t<\/div>\n\t\t\t\t<div class=\"elementor-element elementor-element-35c6c2e elementor-align-center elementor-widget elementor-widget-button\" data-id=\"35c6c2e\" data-element_type=\"widget\" data-e-type=\"widget\" data-gtm-event=\"click_book_promo, data-page_location\" data-widget_type=\"button.default\">\n\t\t\t\t<div class=\"elementor-widget-container\">\n\t\t\t\t\t\t\t\t\t<div class=\"elementor-button-wrapper\">\n\t\t\t\t\t<a class=\"elementor-button elementor-button-link elementor-size-sm\" href=\"https:\/\/cosmoapart.com\/\" target=\"_blank\" rel=\"nofollow\" id=\"book-button\">\n\t\t\t\t\t\t<span class=\"elementor-button-content-wrapper\">\n\t\t\t\t\t\t\t\t\t<span class=\"elementor-button-text\">WEBSITE<\/span>\n\t\t\t\t\t<\/span>\n\t\t\t\t\t<\/a>\n\t\t\t\t<\/div>\n\t\t\t\t\t\t\t\t<\/div>\n\t\t\t\t<\/div>\n\t\t\t\t\t<\/div>\n\t\t<\/div>\n\t\t\t\t\t<\/div>\n\t\t<\/section>\n\t\t<div class=\"elementor-element elementor-element-a9016a4 e-flex e-con-boxed e-con e-parent\" data-id=\"a9016a4\" data-element_type=\"container\" data-e-type=\"container\">\n\t\t\t\t\t<div class=\"e-con-inner\">\n\t\t\t\t<div class=\"elementor-element elementor-element-881eee8 elementor-widget-divider--separator-type-pattern elementor-widget-divider--no-spacing elementor-widget-divider--view-line elementor-widget elementor-widget-divider\" data-id=\"881eee8\" data-element_type=\"widget\" data-e-type=\"widget\" data-widget_type=\"divider.default\">\n\t\t\t\t<div class=\"elementor-widget-container\">\n\t\t\t\t\t\t\t<div class=\"elementor-divider\" style=\"--divider-pattern-url: url(&quot;data:image\/svg+xml,%3Csvg xmlns=&#039;http:\/\/www.w3.org\/2000\/svg&#039; preserveAspectRatio=&#039;xMidYMid meet&#039; overflow=&#039;visible&#039; height=&#039;100%&#039; viewBox=&#039;0 0 126 26&#039; fill=&#039;black&#039; stroke=&#039;none&#039;%3E%3Cpath d=&#039;M3,10.2c2.6,0,2.6,2,2.6,3.2S4.4,16.5,3,16.5s-3-1.4-3-3.2S0.4,10.2,3,10.2z M18.8,10.2c1.7,0,3.2,1.4,3.2,3.2s-1.4,3.2-3.2,3.2c-1.7,0-3.2-1.4-3.2-3.2S17,10.2,18.8,10.2z M34.6,10.2c1.5,0,2.6,1.4,2.6,3.2s-0.5,3.2-1.9,3.2c-1.5,0-3.4-1.4-3.4-3.2S33.1,10.2,34.6,10.2z M50.5,10.2c1.7,0,3.2,1.4,3.2,3.2s-1.4,3.2-3.2,3.2c-1.7,0-3.3-0.9-3.3-2.6S48.7,10.2,50.5,10.2z M66.2,10.2c1.5,0,3.4,1.4,3.4,3.2s-1.9,3.2-3.4,3.2c-1.5,0-2.6-0.4-2.6-2.1S64.8,10.2,66.2,10.2z M82.2,10.2c1.7,0.8,2.6,1.4,2.6,3.2s-0.1,3.2-1.6,3.2c-1.5,0-3.7-1.4-3.7-3.2S80.5,9.4,82.2,10.2zM98.6,10.2c1.5,0,2.6,0.4,2.6,2.1s-1.2,4.2-2.6,4.2c-1.5,0-3.7-0.4-3.7-2.1S97.1,10.2,98.6,10.2z M113.4,10.2c1.2,0,2.2,0.9,2.2,3.2s-0.1,3.2-1.3,3.2s-3.1-1.4-3.1-3.2S112.2,10.2,113.4,10.2z&#039;\/%3E%3C\/svg%3E&quot;);\">\n\t\t\t<span class=\"elementor-divider-separator\">\n\t\t\t\t\t\t<\/span>\n\t\t<\/div>\n\t\t\t\t\t\t<\/div>\n\t\t\t\t<\/div>\n\t\t\t\t\t<\/div>\n\t\t\t\t<\/div>\n\t\t\t\t<\/div>","protected":false},"excerpt":{"rendered":"<p>Sehr geehrter Gast, wir danken Ihnen, dass Sie sich f\u00fcr die Cosmopolita Apartments entschieden haben, und freuen uns, Sie bald bei uns begr\u00fc\u00dfen zu d\u00fcrfen. WEBSITE<\/p>","protected":false},"author":4,"featured_media":0,"parent":0,"menu_order":0,"comment_status":"closed","ping_status":"closed","template":"","meta":{"site-sidebar-layout":"no-sidebar","site-content-layout":"page-builder","ast-site-content-layout":"full-width-container","site-content-style":"default","site-sidebar-style":"default","ast-global-header-display":"","ast-banner-title-visibility":"","ast-main-header-display":"","ast-hfb-above-header-display":"","ast-hfb-below-header-display":"","ast-hfb-mobile-header-display":"","site-post-title":"","ast-breadcrumbs-content":"","ast-featured-img":"disabled","footer-sml-layout":"","ast-disable-related-posts":"","theme-transparent-header-meta":"","adv-header-id-meta":"","stick-header-meta":"","header-above-stick-meta":"","header-main-stick-meta":"","header-below-stick-meta":"","astra-migrate-meta-layouts":"set","ast-page-background-enabled":"default","ast-page-background-meta":{"desktop":{"background-color":"var(--ast-global-color-4)","background-image":"","background-repeat":"repeat","background-position":"center center","background-size":"auto","background-attachment":"scroll","background-type":"","background-media":"","overlay-type":"","overlay-color":"","overlay-opacity":"","overlay-gradient":""},"tablet":{"background-color":"","background-image":"","background-repeat":"repeat","background-position":"center center","background-size":"auto","background-attachment":"scroll","background-type":"","background-media":"","overlay-type":"","overlay-color":"","overlay-opacity":"","overlay-gradient":""},"mobile":{"background-color":"","background-image":"","background-repeat":"repeat","background-position":"center center","background-size":"auto","background-attachment":"scroll","background-type":"","background-media":"","overlay-type":"","overlay-color":"","overlay-opacity":"","overlay-gradient":""}},"ast-content-background-meta":{"desktop":{"background-color":"var(--ast-global-color-5)","background-image":"","background-repeat":"repeat","background-position":"center center","background-size":"auto","background-attachment":"scroll","background-type":"","background-media":"","overlay-type":"","overlay-color":"","overlay-opacity":"","overlay-gradient":""},"tablet":{"background-color":"var(--ast-global-color-5)","background-image":"","background-repeat":"repeat","background-position":"center center","background-size":"auto","background-attachment":"scroll","background-type":"","background-media":"","overlay-type":"","overlay-color":"","overlay-opacity":"","overlay-gradient":""},"mobile":{"background-color":"var(--ast-global-color-5)","background-image":"","background-repeat":"repeat","background-position":"center center","background-size":"auto","background-attachment":"scroll","background-type":"","background-media":"","overlay-type":"","overlay-color":"","overlay-opacity":"","overlay-gradient":""}},"footnotes":""},"class_list":["post-32973","page","type-page","status-publish","hentry"],"yoast_head":"<!-- This site is optimized with the Yoast SEO Premium plugin v27.4 (Yoast SEO v27.4) - https:\/\/yoast.com\/product\/yoast-seo-premium-wordpress\/ -->\n<title>Thank you for choosing Cosmopolita Apartments | Cosmopolita Group | Luxury Apartments &amp; Boutique Hotel in Barcelona\u00a0and\u00a0Costa\u00a0Brava<\/title>\n<meta name=\"description\" content=\"Cosmopolita Group | Luxury Apartments &amp; Boutique Hotel in Barcelona\u00a0and\u00a0Costa\u00a0Brava Dear Guest, Thank you for choosing Cosmopolita Apartments.We are pleased to confirm your web check-in and look forward to welcoming you soon.\" \/>\n<meta name=\"robots\" content=\"index, follow, max-snippet:-1, max-image-preview:large, max-video-preview:-1\" \/>\n<link rel=\"canonical\" href=\"https:\/\/cosmoapart.com\/de\/wp-json\/wp\/v2\/pages\/32973\/\" \/>\n<meta property=\"og:locale\" content=\"de_DE\" \/>\n<meta property=\"og:type\" content=\"article\" \/>\n<meta property=\"og:title\" content=\"Thank you for choosing Cosmopolita Apartments\" \/>\n<meta property=\"og:description\" content=\"Cosmopolita Group | Luxury Apartments &amp; Boutique Hotel in Barcelona\u00a0and\u00a0Costa\u00a0Brava Dear Guest, Thank you for choosing Cosmopolita Apartments.We are pleased to confirm your web check-in and look forward to welcoming you soon.\" \/>\n<meta property=\"og:url\" content=\"https:\/\/cosmoapart.com\/de\/thank-for-choosing-cosmopolita-apartments\/\" \/>\n<meta property=\"og:site_name\" content=\"Cosmopolita Group | Luxury Apartments &amp; Boutique Hotel in Barcelona\u00a0and\u00a0Costa\u00a0Brava\" \/>\n<meta property=\"article:publisher\" content=\"https:\/\/www.facebook.com\/share\/1Eo3VWZL1L\/?mibextid=wwXIfr\" \/>\n<meta property=\"article:modified_time\" content=\"2026-04-09T17:40:38+00:00\" \/>\n<meta property=\"og:image\" content=\"https:\/\/cosmoapart.com\/wp-content\/uploads\/2025\/01\/cropped-LogoCosmo-Black-removebg-preview.webp\" \/>\n\t<meta property=\"og:image:width\" content=\"500\" \/>\n\t<meta property=\"og:image:height\" content=\"500\" \/>\n\t<meta property=\"og:image:type\" content=\"image\/png\" \/>\n<meta name=\"twitter:card\" content=\"summary_large_image\" \/>\n<meta name=\"twitter:label1\" content=\"Gesch\u00e4tzte Lesezeit\" \/>\n\t<meta name=\"twitter:data1\" content=\"1\u00a0Minute\" \/>\n<script type=\"application\/ld+json\" class=\"yoast-schema-graph\">{\"@context\":\"https:\\\/\\\/schema.org\",\"@graph\":[{\"@type\":\"WebPage\",\"@id\":\"https:\\\/\\\/cosmoapart.com\\\/thank-for-choosing-cosmopolita-apartments\\\/\",\"url\":\"https:\\\/\\\/cosmoapart.com\\\/thank-for-choosing-cosmopolita-apartments\\\/\",\"name\":\"Thank you for choosing Cosmopolita Apartments | Cosmopolita Group | Luxury Apartments &amp; Boutique Hotel in Barcelona\u00a0and\u00a0Costa\u00a0Brava\",\"isPartOf\":{\"@id\":\"https:\\\/\\\/cosmoapart.com\\\/#website\"},\"primaryImageOfPage\":{\"@id\":\"https:\\\/\\\/cosmoapart.com\\\/thank-for-choosing-cosmopolita-apartments\\\/#primaryimage\"},\"image\":{\"@id\":\"https:\\\/\\\/cosmoapart.com\\\/thank-for-choosing-cosmopolita-apartments\\\/#primaryimage\"},\"thumbnailUrl\":\"https:\\\/\\\/cosmoapart.com\\\/wp-content\\\/uploads\\\/2025\\\/01\\\/cropped-LogoCosmo-Black-removebg-preview-110x110.webp\",\"datePublished\":\"2026-04-09T14:50:12+00:00\",\"dateModified\":\"2026-04-09T17:40:38+00:00\",\"description\":\"Cosmopolita Group | Luxury Apartments &amp; Boutique Hotel in Barcelona\u00a0and\u00a0Costa\u00a0Brava Dear Guest, Thank you for choosing Cosmopolita Apartments.We are pleased to confirm your web check-in and look forward to welcoming you soon.\",\"breadcrumb\":{\"@id\":\"https:\\\/\\\/cosmoapart.com\\\/thank-for-choosing-cosmopolita-apartments\\\/#breadcrumb\"},\"inLanguage\":\"de\",\"potentialAction\":[{\"@type\":\"ReadAction\",\"target\":[\"https:\\\/\\\/cosmoapart.com\\\/thank-for-choosing-cosmopolita-apartments\\\/\"]}]},{\"@type\":\"ImageObject\",\"inLanguage\":\"de\",\"@id\":\"https:\\\/\\\/cosmoapart.com\\\/thank-for-choosing-cosmopolita-apartments\\\/#primaryimage\",\"url\":\"https:\\\/\\\/cosmoapart.com\\\/wp-content\\\/uploads\\\/2025\\\/01\\\/cropped-LogoCosmo-Black-removebg-preview-110x110.webp\",\"contentUrl\":\"https:\\\/\\\/cosmoapart.com\\\/wp-content\\\/uploads\\\/2025\\\/01\\\/cropped-LogoCosmo-Black-removebg-preview-110x110.webp\"},{\"@type\":\"BreadcrumbList\",\"@id\":\"https:\\\/\\\/cosmoapart.com\\\/thank-for-choosing-cosmopolita-apartments\\\/#breadcrumb\",\"itemListElement\":[{\"@type\":\"ListItem\",\"position\":1,\"name\":\"Home\",\"item\":\"https:\\\/\\\/cosmoapart.com\\\/\"},{\"@type\":\"ListItem\",\"position\":2,\"name\":\"Thank you for choosing Cosmopolita Apartments\"}]},{\"@type\":\"WebSite\",\"@id\":\"https:\\\/\\\/cosmoapart.com\\\/#website\",\"url\":\"https:\\\/\\\/cosmoapart.com\\\/\",\"name\":\"Cosmopolita Group | Luxury Apartments in Barcelona and on Costa Brava\",\"description\":\"Cosmopolita Group presents luxury apartments and a boutique hotel in prime locations of Barcelona and Costa Brava. Enjoy premium comfort, sophisticated design, stunning sea views, and exclusive services, along with special offers and direct booking discounts.\",\"publisher\":{\"@id\":\"https:\\\/\\\/cosmoapart.com\\\/#organization\"},\"alternateName\":\"Cosmopolita Apartments\",\"potentialAction\":[{\"@type\":\"SearchAction\",\"target\":{\"@type\":\"EntryPoint\",\"urlTemplate\":\"https:\\\/\\\/cosmoapart.com\\\/?s={search_term_string}\"},\"query-input\":{\"@type\":\"PropertyValueSpecification\",\"valueRequired\":true,\"valueName\":\"search_term_string\"}}],\"inLanguage\":\"de\"},{\"@type\":\"Organization\",\"@id\":\"https:\\\/\\\/cosmoapart.com\\\/#organization\",\"name\":\"APARTMENTS COSMOPOLITA, S.L.\",\"alternateName\":\"Cosmopolita Group\",\"url\":\"https:\\\/\\\/cosmoapart.com\\\/\",\"logo\":{\"@type\":\"ImageObject\",\"inLanguage\":\"de\",\"@id\":\"https:\\\/\\\/cosmoapart.com\\\/#\\\/schema\\\/logo\\\/image\\\/\",\"url\":\"https:\\\/\\\/cosmoapart.com\\\/wp-content\\\/uploads\\\/2025\\\/01\\\/cropped-LogoCosmo-Black-removebg-preview.webp\",\"contentUrl\":\"https:\\\/\\\/cosmoapart.com\\\/wp-content\\\/uploads\\\/2025\\\/01\\\/cropped-LogoCosmo-Black-removebg-preview.webp\",\"width\":500,\"height\":500,\"caption\":\"APARTMENTS COSMOPOLITA, S.L.\"},\"image\":{\"@id\":\"https:\\\/\\\/cosmoapart.com\\\/#\\\/schema\\\/logo\\\/image\\\/\"},\"sameAs\":[\"https:\\\/\\\/www.facebook.com\\\/share\\\/1Eo3VWZL1L\\\/?mibextid=wwXIfr\",\"https:\\\/\\\/www.instagram.com\\\/cosmo.apartments.elite\\\/\"],\"description\":\"Luxury apartments for rent in Spain, in Barcelona and Cost Brava.\",\"email\":\"info@cosmopolitagroup.com\",\"telephone\":\"+34 933 393 786\",\"legalName\":\"APARTMENTS COSMOPOLITA, S.L.\",\"foundingDate\":\"2016-01-01\"}]}<\/script>\n<!-- \/ Yoast SEO Premium plugin. -->","yoast_head_json":{"title":"Vielen Dank, dass Sie sich f\u00fcr Cosmopolita Apartments | Cosmopolita Group | Luxury Apartments &amp; Boutique Hotel in Barcelona und Costa Brava entschieden haben","description":"Cosmopolita Group | Luxury Apartments &amp; Boutique Hotel in Barcelona und Costa Brava Sehr geehrter Gast, wir danken Ihnen, dass Sie sich f\u00fcr Cosmopolita Apartments entschieden haben und freuen uns, Sie bald bei uns begr\u00fc\u00dfen zu d\u00fcrfen.","robots":{"index":"index","follow":"follow","max-snippet":"max-snippet:-1","max-image-preview":"max-image-preview:large","max-video-preview":"max-video-preview:-1"},"canonical":"https:\/\/cosmoapart.com\/de\/wp-json\/wp\/v2\/pages\/32973\/","og_locale":"de_DE","og_type":"article","og_title":"Thank you for choosing Cosmopolita Apartments","og_description":"Cosmopolita Group | Luxury Apartments &amp; Boutique Hotel in Barcelona\u00a0and\u00a0Costa\u00a0Brava Dear Guest, Thank you for choosing Cosmopolita Apartments.We are pleased to confirm your web check-in and look forward to welcoming you soon.","og_url":"https:\/\/cosmoapart.com\/de\/thank-for-choosing-cosmopolita-apartments\/","og_site_name":"Cosmopolita Group | Luxury Apartments &amp; Boutique Hotel in Barcelona\u00a0and\u00a0Costa\u00a0Brava","article_publisher":"https:\/\/www.facebook.com\/share\/1Eo3VWZL1L\/?mibextid=wwXIfr","article_modified_time":"2026-04-09T17:40:38+00:00","og_image":[{"width":500,"height":500,"url":"https:\/\/cosmoapart.com\/wp-content\/uploads\/2025\/01\/cropped-LogoCosmo-Black-removebg-preview.webp","type":"image\/png"}],"twitter_card":"summary_large_image","twitter_misc":{"Gesch\u00e4tzte Lesezeit":"1\u00a0Minute"},"schema":{"@context":"https:\/\/schema.org","@graph":[{"@type":"WebPage","@id":"https:\/\/cosmoapart.com\/thank-for-choosing-cosmopolita-apartments\/","url":"https:\/\/cosmoapart.com\/thank-for-choosing-cosmopolita-apartments\/","name":"Vielen Dank, dass Sie sich f\u00fcr Cosmopolita Apartments | Cosmopolita Group | Luxury Apartments &amp; Boutique Hotel in Barcelona und Costa Brava entschieden haben","isPartOf":{"@id":"https:\/\/cosmoapart.com\/#website"},"primaryImageOfPage":{"@id":"https:\/\/cosmoapart.com\/thank-for-choosing-cosmopolita-apartments\/#primaryimage"},"image":{"@id":"https:\/\/cosmoapart.com\/thank-for-choosing-cosmopolita-apartments\/#primaryimage"},"thumbnailUrl":"https:\/\/cosmoapart.com\/wp-content\/uploads\/2025\/01\/cropped-LogoCosmo-Black-removebg-preview-110x110.webp","datePublished":"2026-04-09T14:50:12+00:00","dateModified":"2026-04-09T17:40:38+00:00","description":"Cosmopolita Group | Luxury Apartments &amp; Boutique Hotel in Barcelona und Costa Brava Sehr geehrter Gast, wir danken Ihnen, dass Sie sich f\u00fcr Cosmopolita Apartments entschieden haben und freuen uns, Sie bald bei uns begr\u00fc\u00dfen zu d\u00fcrfen.","breadcrumb":{"@id":"https:\/\/cosmoapart.com\/thank-for-choosing-cosmopolita-apartments\/#breadcrumb"},"inLanguage":"de","potentialAction":[{"@type":"ReadAction","target":["https:\/\/cosmoapart.com\/thank-for-choosing-cosmopolita-apartments\/"]}]},{"@type":"ImageObject","inLanguage":"de","@id":"https:\/\/cosmoapart.com\/thank-for-choosing-cosmopolita-apartments\/#primaryimage","url":"https:\/\/cosmoapart.com\/wp-content\/uploads\/2025\/01\/cropped-LogoCosmo-Black-removebg-preview-110x110.webp","contentUrl":"https:\/\/cosmoapart.com\/wp-content\/uploads\/2025\/01\/cropped-LogoCosmo-Black-removebg-preview-110x110.webp"},{"@type":"BreadcrumbList","@id":"https:\/\/cosmoapart.com\/thank-for-choosing-cosmopolita-apartments\/#breadcrumb","itemListElement":[{"@type":"ListItem","position":1,"name":"Home","item":"https:\/\/cosmoapart.com\/"},{"@type":"ListItem","position":2,"name":"Thank you for choosing Cosmopolita Apartments"}]},{"@type":"WebSite","@id":"https:\/\/cosmoapart.com\/#website","url":"https:\/\/cosmoapart.com\/","name":"Cosmopolita Gruppe | Luxuswohnungen in Barcelona und an der Costa Brava","description":"Die Cosmopolita-Gruppe pr\u00e4sentiert Luxus-Apartments und ein Boutique-Hotel in bester Lage in Barcelona und an der Costa Brava. Genie\u00dfen Sie erstklassigen Komfort, anspruchsvolles Design, atemberaubende Meerblicke und exklusive Dienstleistungen sowie Sonderangebote und Direktbuchungsrabatte.","publisher":{"@id":"https:\/\/cosmoapart.com\/#organization"},"alternateName":"Cosmopolita Apartments","potentialAction":[{"@type":"SearchAction","target":{"@type":"EntryPoint","urlTemplate":"https:\/\/cosmoapart.com\/?s={search_term_string}"},"query-input":{"@type":"PropertyValueSpecification","valueRequired":true,"valueName":"search_term_string"}}],"inLanguage":"de"},{"@type":"Organization","@id":"https:\/\/cosmoapart.com\/#organization","name":"WOHNUNGEN COSMOPOLITA, S.L.","alternateName":"Cosmopolita Group","url":"https:\/\/cosmoapart.com\/","logo":{"@type":"ImageObject","inLanguage":"de","@id":"https:\/\/cosmoapart.com\/#\/schema\/logo\/image\/","url":"https:\/\/cosmoapart.com\/wp-content\/uploads\/2025\/01\/cropped-LogoCosmo-Black-removebg-preview.webp","contentUrl":"https:\/\/cosmoapart.com\/wp-content\/uploads\/2025\/01\/cropped-LogoCosmo-Black-removebg-preview.webp","width":500,"height":500,"caption":"APARTMENTS COSMOPOLITA, S.L."},"image":{"@id":"https:\/\/cosmoapart.com\/#\/schema\/logo\/image\/"},"sameAs":["https:\/\/www.facebook.com\/share\/1Eo3VWZL1L\/?mibextid=wwXIfr","https:\/\/www.instagram.com\/cosmo.apartments.elite\/"],"description":"Luxuswohnungen zur Miete in Spanien, in Barcelona und Cost Brava.","email":"info@cosmopolitagroup.com","telephone":"+34 933 393 786","legalName":"APARTMENTS COSMOPOLITA, S.L.","foundingDate":"2016-01-01"}]}},"_links":{"self":[{"href":"https:\/\/cosmoapart.com\/de\/wp-json\/wp\/v2\/pages\/32973","targetHints":{"allow":["GET"]}}],"collection":[{"href":"https:\/\/cosmoapart.com\/de\/wp-json\/wp\/v2\/pages"}],"about":[{"href":"https:\/\/cosmoapart.com\/de\/wp-json\/wp\/v2\/types\/page"}],"author":[{"embeddable":true,"href":"https:\/\/cosmoapart.com\/de\/wp-json\/wp\/v2\/users\/4"}],"replies":[{"embeddable":true,"href":"https:\/\/cosmoapart.com\/de\/wp-json\/wp\/v2\/comments?post=32973"}],"version-history":[{"count":39,"href":"https:\/\/cosmoapart.com\/de\/wp-json\/wp\/v2\/pages\/32973\/revisions"}],"predecessor-version":[{"id":33012,"href":"https:\/\/cosmoapart.com\/de\/wp-json\/wp\/v2\/pages\/32973\/revisions\/33012"}],"wp:attachment":[{"href":"https:\/\/cosmoapart.com\/de\/wp-json\/wp\/v2\/media?parent=32973"}],"curies":[{"name":"wp","href":"https:\/\/api.w.org\/{rel}","templated":true}]}}